{"id":1519,"date":"2017-03-15T12:40:15","date_gmt":"2017-03-15T12:40:15","guid":{"rendered":"https:\/\/kiteschoolportugal.com\/surf-algarve\/"},"modified":"2026-03-19T19:08:04","modified_gmt":"2026-03-19T19:08:04","slug":"surf-algarve","status":"publish","type":"page","link":"https:\/\/kiteschoolportugal.com\/de\/surf-algarve\/","title":{"rendered":"Surf Algarve"},"content":{"rendered":"<div id=\"cs-content\" class=\"cs-content\"><\/div>\n","protected":false},"excerpt":{"rendered":"<p>Surf Unterricht Algarve+ ASI-zertifizierte Surfschulen + Professionelle, freundliche Surflehrer + Surfm\u00f6glichkeiten an der S\u00fcd- und Westk\u00fcste + Gro\u00dfe Vielfalt an Wellen f\u00fcr Anf\u00e4nger und Fortgeschrittene + Das ganze Jahr \u00fcber Surfqualit\u00e4t und -konsistenz + Entspannte Surfcamp-Atmosph\u00e4re Der beste Surfer ist der, der den meisten Spa\u00df hat. Wenn Sie dieser Meinung sind, sind Sie hier genau richtig. Egal, wie gro\u00df die &#8230; <a href=\"https:\/\/kiteschoolportugal.com\/de\/surf-algarve\/\" class=\"more-link\">Read More<\/a><\/p>\n","protected":false},"author":1,"featured_media":0,"parent":0,"menu_order":0,"comment_status":"closed","ping_status":"closed","template":"template-blank-4.php","meta":{"footnotes":""},"class_list":["post-1519","page","type-page","status-publish","hentry","no-post-thumbnail"],"yoast_head":"<!-- This site is optimized with the Yoast SEO plugin v27.4 - https:\/\/yoast.com\/product\/yoast-seo-wordpress\/ -->\n<title>Surfunterricht &amp; -Verleih Algarve | Kiteschool Portugal<\/title>\n<meta name=\"robots\" content=\"index, follow, max-snippet:-1, max-image-preview:large, max-video-preview:-1\" \/>\n<link rel=\"canonical\" href=\"https:\/\/kiteschoolportugal.com\/de\/surf-algarve\/\" \/>\n<meta property=\"og:locale\" content=\"de_DE\" \/>\n<meta property=\"og:type\" content=\"article\" \/>\n<meta property=\"og:title\" content=\"Surfunterricht &amp; -Verleih Algarve | Kiteschool Portugal\" \/>\n<meta property=\"og:description\" content=\"Kitesurf &amp; Stand Up Paddleboarding Unterricht im S\u00fcden von Portugal.\" \/>\n<meta property=\"og:url\" content=\"https:\/\/kiteschoolportugal.com\/de\/surf-algarve\/\" \/>\n<meta property=\"og:site_name\" content=\"Kiteschool Portugal\" \/>\n<meta property=\"article:publisher\" content=\"https:\/\/www.facebook.com\/suplagoskiteschoolportugal\/\" \/>\n<meta property=\"article:modified_time\" content=\"2026-03-19T19:08:04+00:00\" \/>\n<meta property=\"og:image\" content=\"https:\/\/kiteschoolportugal.com\/wp-content\/uploads\/2016\/05\/kiteschool-social-share-1200px-1.jpg\" \/>\n<meta name=\"twitter:card\" content=\"summary_large_image\" \/>\n<meta name=\"twitter:label1\" content=\"Gesch\u00e4tzte Lesezeit\" \/>\n\t<meta name=\"twitter:data1\" content=\"9\u00a0Minuten\" \/>\n<script type=\"application\/ld+json\" class=\"yoast-schema-graph\">{\"@context\":\"https:\\\/\\\/schema.org\",\"@graph\":[{\"@type\":\"WebPage\",\"@id\":\"https:\\\/\\\/kiteschoolportugal.com\\\/de\\\/surf-algarve\\\/\",\"url\":\"https:\\\/\\\/kiteschoolportugal.com\\\/de\\\/surf-algarve\\\/\",\"name\":\"Surfunterricht & -Verleih Algarve | Kiteschool Portugal\",\"isPartOf\":{\"@id\":\"https:\\\/\\\/kiteschoolportugal.com\\\/de\\\/#website\"},\"primaryImageOfPage\":{\"@id\":\"https:\\\/\\\/kiteschoolportugal.com\\\/de\\\/surf-algarve\\\/#primaryimage\"},\"image\":{\"@id\":\"https:\\\/\\\/kiteschoolportugal.com\\\/de\\\/surf-algarve\\\/#primaryimage\"},\"thumbnailUrl\":\"https:\\\/\\\/kiteschoolportugal.com\\\/wp-content\\\/uploads\\\/2026\\\/03\\\/3-Copy-of-Copy-of-20151015-portugal-castelejo-7877.jpg\",\"datePublished\":\"2017-03-15T12:40:15+00:00\",\"dateModified\":\"2026-03-19T19:08:04+00:00\",\"breadcrumb\":{\"@id\":\"https:\\\/\\\/kiteschoolportugal.com\\\/de\\\/surf-algarve\\\/#breadcrumb\"},\"inLanguage\":\"de\",\"potentialAction\":[{\"@type\":\"ReadAction\",\"target\":[\"https:\\\/\\\/kiteschoolportugal.com\\\/de\\\/surf-algarve\\\/\"]}]},{\"@type\":\"ImageObject\",\"inLanguage\":\"de\",\"@id\":\"https:\\\/\\\/kiteschoolportugal.com\\\/de\\\/surf-algarve\\\/#primaryimage\",\"url\":\"https:\\\/\\\/kiteschoolportugal.com\\\/wp-content\\\/uploads\\\/2026\\\/03\\\/3-Copy-of-Copy-of-20151015-portugal-castelejo-7877.jpg\",\"contentUrl\":\"https:\\\/\\\/kiteschoolportugal.com\\\/wp-content\\\/uploads\\\/2026\\\/03\\\/3-Copy-of-Copy-of-20151015-portugal-castelejo-7877.jpg\"},{\"@type\":\"BreadcrumbList\",\"@id\":\"https:\\\/\\\/kiteschoolportugal.com\\\/de\\\/surf-algarve\\\/#breadcrumb\",\"itemListElement\":[{\"@type\":\"ListItem\",\"position\":1,\"name\":\"Home\",\"item\":\"https:\\\/\\\/kiteschoolportugal.com\\\/de\\\/home\\\/\"},{\"@type\":\"ListItem\",\"position\":2,\"name\":\"Surf Algarve\"}]},{\"@type\":\"WebSite\",\"@id\":\"https:\\\/\\\/kiteschoolportugal.com\\\/de\\\/#website\",\"url\":\"https:\\\/\\\/kiteschoolportugal.com\\\/de\\\/\",\"name\":\"Kiteschool Portugal\",\"description\":\"Kiteschool Portugal, Kitesafari Brazil and SUP Lagos\",\"potentialAction\":[{\"@type\":\"SearchAction\",\"target\":{\"@type\":\"EntryPoint\",\"urlTemplate\":\"https:\\\/\\\/kiteschoolportugal.com\\\/de\\\/?s={search_term_string}\"},\"query-input\":{\"@type\":\"PropertyValueSpecification\",\"valueRequired\":true,\"valueName\":\"search_term_string\"}}],\"inLanguage\":\"de\"}]}<\/script>\n<!-- \/ Yoast SEO plugin. -->","yoast_head_json":{"title":"Surfunterricht & -Verleih Algarve | Kiteschool Portugal","robots":{"index":"index","follow":"follow","max-snippet":"max-snippet:-1","max-image-preview":"max-image-preview:large","max-video-preview":"max-video-preview:-1"},"canonical":"https:\/\/kiteschoolportugal.com\/de\/surf-algarve\/","og_locale":"de_DE","og_type":"article","og_title":"Surfunterricht & -Verleih Algarve | Kiteschool Portugal","og_description":"Kitesurf & Stand Up Paddleboarding Unterricht im S\u00fcden von Portugal.","og_url":"https:\/\/kiteschoolportugal.com\/de\/surf-algarve\/","og_site_name":"Kiteschool Portugal","article_publisher":"https:\/\/www.facebook.com\/suplagoskiteschoolportugal\/","article_modified_time":"2026-03-19T19:08:04+00:00","og_image":[{"url":"https:\/\/kiteschoolportugal.com\/wp-content\/uploads\/2016\/05\/kiteschool-social-share-1200px-1.jpg","type":"","width":"","height":""}],"twitter_card":"summary_large_image","twitter_misc":{"Gesch\u00e4tzte Lesezeit":"9\u00a0Minuten"},"schema":{"@context":"https:\/\/schema.org","@graph":[{"@type":"WebPage","@id":"https:\/\/kiteschoolportugal.com\/de\/surf-algarve\/","url":"https:\/\/kiteschoolportugal.com\/de\/surf-algarve\/","name":"Surfunterricht & -Verleih Algarve | Kiteschool Portugal","isPartOf":{"@id":"https:\/\/kiteschoolportugal.com\/de\/#website"},"primaryImageOfPage":{"@id":"https:\/\/kiteschoolportugal.com\/de\/surf-algarve\/#primaryimage"},"image":{"@id":"https:\/\/kiteschoolportugal.com\/de\/surf-algarve\/#primaryimage"},"thumbnailUrl":"https:\/\/kiteschoolportugal.com\/wp-content\/uploads\/2026\/03\/3-Copy-of-Copy-of-20151015-portugal-castelejo-7877.jpg","datePublished":"2017-03-15T12:40:15+00:00","dateModified":"2026-03-19T19:08:04+00:00","breadcrumb":{"@id":"https:\/\/kiteschoolportugal.com\/de\/surf-algarve\/#breadcrumb"},"inLanguage":"de","potentialAction":[{"@type":"ReadAction","target":["https:\/\/kiteschoolportugal.com\/de\/surf-algarve\/"]}]},{"@type":"ImageObject","inLanguage":"de","@id":"https:\/\/kiteschoolportugal.com\/de\/surf-algarve\/#primaryimage","url":"https:\/\/kiteschoolportugal.com\/wp-content\/uploads\/2026\/03\/3-Copy-of-Copy-of-20151015-portugal-castelejo-7877.jpg","contentUrl":"https:\/\/kiteschoolportugal.com\/wp-content\/uploads\/2026\/03\/3-Copy-of-Copy-of-20151015-portugal-castelejo-7877.jpg"},{"@type":"BreadcrumbList","@id":"https:\/\/kiteschoolportugal.com\/de\/surf-algarve\/#breadcrumb","itemListElement":[{"@type":"ListItem","position":1,"name":"Home","item":"https:\/\/kiteschoolportugal.com\/de\/home\/"},{"@type":"ListItem","position":2,"name":"Surf Algarve"}]},{"@type":"WebSite","@id":"https:\/\/kiteschoolportugal.com\/de\/#website","url":"https:\/\/kiteschoolportugal.com\/de\/","name":"Kiteschool Portugal","description":"Kiteschool Portugal, Kitesafari Brazil and SUP Lagos","potentialAction":[{"@type":"SearchAction","target":{"@type":"EntryPoint","urlTemplate":"https:\/\/kiteschoolportugal.com\/de\/?s={search_term_string}"},"query-input":{"@type":"PropertyValueSpecification","valueRequired":true,"valueName":"search_term_string"}}],"inLanguage":"de"}]}},"_links":{"self":[{"href":"https:\/\/kiteschoolportugal.com\/de\/wp-json\/wp\/v2\/pages\/1519","targetHints":{"allow":["GET"]}}],"collection":[{"href":"https:\/\/kiteschoolportugal.com\/de\/wp-json\/wp\/v2\/pages"}],"about":[{"href":"https:\/\/kiteschoolportugal.com\/de\/wp-json\/wp\/v2\/types\/page"}],"author":[{"embeddable":true,"href":"https:\/\/kiteschoolportugal.com\/de\/wp-json\/wp\/v2\/users\/1"}],"replies":[{"embeddable":true,"href":"https:\/\/kiteschoolportugal.com\/de\/wp-json\/wp\/v2\/comments?post=1519"}],"version-history":[{"count":56,"href":"https:\/\/kiteschoolportugal.com\/de\/wp-json\/wp\/v2\/pages\/1519\/revisions"}],"predecessor-version":[{"id":4013,"href":"https:\/\/kiteschoolportugal.com\/de\/wp-json\/wp\/v2\/pages\/1519\/revisions\/4013"}],"wp:attachment":[{"href":"https:\/\/kiteschoolportugal.com\/de\/wp-json\/wp\/v2\/media?parent=1519"}],"curies":[{"name":"wp","href":"https:\/\/api.w.org\/{rel}","templated":true}]}}