{"id":1591,"date":"2017-03-15T14:40:44","date_gmt":"2017-03-15T14:40:44","guid":{"rendered":"https:\/\/kiteschoolportugal.com\/the-ocean-spirits-lodge\/"},"modified":"2026-03-19T19:25:48","modified_gmt":"2026-03-19T19:25:48","slug":"the-ocean-spirits-lodge-2","status":"publish","type":"page","link":"https:\/\/kiteschoolportugal.com\/de\/the-ocean-spirits-lodge-2\/","title":{"rendered":"The Ocean Spirits Lodge"},"content":{"rendered":"<div id=\"cs-content\" class=\"cs-content\"><\/div>\n","protected":false},"excerpt":{"rendered":"<p>Kite Camp, SUP, Surf &#038; Yoga -The Ocean Spirits Lodge+ Entspanntes &amp; geselliges Kitecamp in Portugal mit Kite, Surf, Sup &amp; t\u00e4glichem Yoga + 6 luxuri\u00f6se Zimmer f\u00fcr eine perfekte Mischung aus Privatsph\u00e4re und famili\u00e4rer Atmosph\u00e4re + Die perfekte Location um Kitesurfen, Surfen &amp; SUP zu kombinieren + Genau in der Mitte: Das pulsierende Lagos und abgeschiedene Naturpl\u00e4tze + Strand &#8230; <a href=\"https:\/\/kiteschoolportugal.com\/de\/the-ocean-spirits-lodge-2\/\" class=\"more-link\">Read More<\/a><\/p>\n","protected":false},"author":2,"featured_media":0,"parent":0,"menu_order":0,"comment_status":"closed","ping_status":"closed","template":"template-blank-4.php","meta":{"footnotes":""},"class_list":["post-1591","page","type-page","status-publish","hentry","no-post-thumbnail"],"yoast_head":"<!-- This site is optimized with the Yoast SEO plugin v27.5 - https:\/\/yoast.com\/product\/yoast-seo-wordpress\/ -->\n<title>Kitecamp Portugal mit Surf, SUP &amp; Yoga | Die Ocean Spirits Lodge<\/title>\n<meta name=\"robots\" content=\"index, follow, max-snippet:-1, max-image-preview:large, max-video-preview:-1\" \/>\n<link rel=\"canonical\" href=\"https:\/\/kiteschoolportugal.com\/de\/the-ocean-spirits-lodge-2\/\" \/>\n<meta property=\"og:locale\" content=\"de_DE\" \/>\n<meta property=\"og:type\" content=\"article\" \/>\n<meta property=\"og:title\" content=\"Kitecamp Portugal mit Surf, SUP &amp; Yoga | Die Ocean Spirits Lodge\" \/>\n<meta property=\"og:description\" content=\"Kite Camp, SUP, Surf &amp; Yoga -The Ocean Spirits Lodge+ Entspanntes &amp; geselliges Kitecamp in Portugal mit Kite, Surf, Sup &amp; t\u00e4glichem Yoga + 6 luxuri\u00f6se Zimmer f\u00fcr eine perfekte Mischung aus Privatsph\u00e4re und famili\u00e4rer Atmosph\u00e4re + Die perfekte Location um Kitesurfen, Surfen &amp; SUP zu kombinieren + Genau in der Mitte: Das pulsierende Lagos und abgeschiedene Naturpl\u00e4tze + Strand ... Read More\" \/>\n<meta property=\"og:url\" content=\"https:\/\/kiteschoolportugal.com\/de\/the-ocean-spirits-lodge-2\/\" \/>\n<meta property=\"og:site_name\" content=\"Kiteschool Portugal\" \/>\n<meta property=\"article:publisher\" content=\"https:\/\/www.facebook.com\/suplagoskiteschoolportugal\/\" \/>\n<meta property=\"article:modified_time\" content=\"2026-03-19T19:25:48+00:00\" \/>\n<meta property=\"og:image\" content=\"https:\/\/kiteschoolportugal.com\/wp-content\/uploads\/2017\/03\/OS-ProfilePic-FB-water-RGB-300x300.jpg\" \/>\n<meta name=\"twitter:card\" content=\"summary_large_image\" \/>\n<meta name=\"twitter:label1\" content=\"Gesch\u00e4tzte Lesezeit\" \/>\n\t<meta name=\"twitter:data1\" content=\"11\u00a0Minuten\" \/>\n<script type=\"application\/ld+json\" class=\"yoast-schema-graph\">{\"@context\":\"https:\\\/\\\/schema.org\",\"@graph\":[{\"@type\":\"WebPage\",\"@id\":\"https:\\\/\\\/kiteschoolportugal.com\\\/de\\\/the-ocean-spirits-lodge-2\\\/\",\"url\":\"https:\\\/\\\/kiteschoolportugal.com\\\/de\\\/the-ocean-spirits-lodge-2\\\/\",\"name\":\"Kitecamp Portugal mit Surf, SUP & Yoga | Die Ocean Spirits Lodge\",\"isPartOf\":{\"@id\":\"https:\\\/\\\/kiteschoolportugal.com\\\/de\\\/#website\"},\"primaryImageOfPage\":{\"@id\":\"https:\\\/\\\/kiteschoolportugal.com\\\/de\\\/the-ocean-spirits-lodge-2\\\/#primaryimage\"},\"image\":{\"@id\":\"https:\\\/\\\/kiteschoolportugal.com\\\/de\\\/the-ocean-spirits-lodge-2\\\/#primaryimage\"},\"thumbnailUrl\":\"https:\\\/\\\/kiteschoolportugal.com\\\/wp-content\\\/uploads\\\/2023\\\/05\\\/shell1-300x200.jpg\",\"datePublished\":\"2017-03-15T14:40:44+00:00\",\"dateModified\":\"2026-03-19T19:25:48+00:00\",\"breadcrumb\":{\"@id\":\"https:\\\/\\\/kiteschoolportugal.com\\\/de\\\/the-ocean-spirits-lodge-2\\\/#breadcrumb\"},\"inLanguage\":\"de\",\"potentialAction\":[{\"@type\":\"ReadAction\",\"target\":[\"https:\\\/\\\/kiteschoolportugal.com\\\/de\\\/the-ocean-spirits-lodge-2\\\/\"]}]},{\"@type\":\"ImageObject\",\"inLanguage\":\"de\",\"@id\":\"https:\\\/\\\/kiteschoolportugal.com\\\/de\\\/the-ocean-spirits-lodge-2\\\/#primaryimage\",\"url\":\"https:\\\/\\\/kiteschoolportugal.com\\\/wp-content\\\/uploads\\\/2023\\\/05\\\/shell1-300x200.jpg\",\"contentUrl\":\"https:\\\/\\\/kiteschoolportugal.com\\\/wp-content\\\/uploads\\\/2023\\\/05\\\/shell1-300x200.jpg\"},{\"@type\":\"BreadcrumbList\",\"@id\":\"https:\\\/\\\/kiteschoolportugal.com\\\/de\\\/the-ocean-spirits-lodge-2\\\/#breadcrumb\",\"itemListElement\":[{\"@type\":\"ListItem\",\"position\":1,\"name\":\"Home\",\"item\":\"https:\\\/\\\/kiteschoolportugal.com\\\/de\\\/home\\\/\"},{\"@type\":\"ListItem\",\"position\":2,\"name\":\"The Ocean Spirits Lodge\"}]},{\"@type\":\"WebSite\",\"@id\":\"https:\\\/\\\/kiteschoolportugal.com\\\/de\\\/#website\",\"url\":\"https:\\\/\\\/kiteschoolportugal.com\\\/de\\\/\",\"name\":\"Kiteschool Portugal\",\"description\":\"Kiteschool Portugal, Kitesafari Brazil and SUP Lagos\",\"potentialAction\":[{\"@type\":\"SearchAction\",\"target\":{\"@type\":\"EntryPoint\",\"urlTemplate\":\"https:\\\/\\\/kiteschoolportugal.com\\\/de\\\/?s={search_term_string}\"},\"query-input\":{\"@type\":\"PropertyValueSpecification\",\"valueRequired\":true,\"valueName\":\"search_term_string\"}}],\"inLanguage\":\"de\"}]}<\/script>\n<!-- \/ Yoast SEO plugin. -->","yoast_head_json":{"title":"Kitecamp Portugal mit Surf, SUP & Yoga | Die Ocean Spirits Lodge","robots":{"index":"index","follow":"follow","max-snippet":"max-snippet:-1","max-image-preview":"max-image-preview:large","max-video-preview":"max-video-preview:-1"},"canonical":"https:\/\/kiteschoolportugal.com\/de\/the-ocean-spirits-lodge-2\/","og_locale":"de_DE","og_type":"article","og_title":"Kitecamp Portugal mit Surf, SUP & Yoga | Die Ocean Spirits Lodge","og_description":"Kite Camp, SUP, Surf & Yoga -The Ocean Spirits Lodge+ Entspanntes &amp; geselliges Kitecamp in Portugal mit Kite, Surf, Sup &amp; t\u00e4glichem Yoga + 6 luxuri\u00f6se Zimmer f\u00fcr eine perfekte Mischung aus Privatsph\u00e4re und famili\u00e4rer Atmosph\u00e4re + Die perfekte Location um Kitesurfen, Surfen &amp; SUP zu kombinieren + Genau in der Mitte: Das pulsierende Lagos und abgeschiedene Naturpl\u00e4tze + Strand ... Read More","og_url":"https:\/\/kiteschoolportugal.com\/de\/the-ocean-spirits-lodge-2\/","og_site_name":"Kiteschool Portugal","article_publisher":"https:\/\/www.facebook.com\/suplagoskiteschoolportugal\/","article_modified_time":"2026-03-19T19:25:48+00:00","og_image":[{"url":"https:\/\/kiteschoolportugal.com\/wp-content\/uploads\/2017\/03\/OS-ProfilePic-FB-water-RGB-300x300.jpg","type":"","width":"","height":""}],"twitter_card":"summary_large_image","twitter_misc":{"Gesch\u00e4tzte Lesezeit":"11\u00a0Minuten"},"schema":{"@context":"https:\/\/schema.org","@graph":[{"@type":"WebPage","@id":"https:\/\/kiteschoolportugal.com\/de\/the-ocean-spirits-lodge-2\/","url":"https:\/\/kiteschoolportugal.com\/de\/the-ocean-spirits-lodge-2\/","name":"Kitecamp Portugal mit Surf, SUP & Yoga | Die Ocean Spirits Lodge","isPartOf":{"@id":"https:\/\/kiteschoolportugal.com\/de\/#website"},"primaryImageOfPage":{"@id":"https:\/\/kiteschoolportugal.com\/de\/the-ocean-spirits-lodge-2\/#primaryimage"},"image":{"@id":"https:\/\/kiteschoolportugal.com\/de\/the-ocean-spirits-lodge-2\/#primaryimage"},"thumbnailUrl":"https:\/\/kiteschoolportugal.com\/wp-content\/uploads\/2023\/05\/shell1-300x200.jpg","datePublished":"2017-03-15T14:40:44+00:00","dateModified":"2026-03-19T19:25:48+00:00","breadcrumb":{"@id":"https:\/\/kiteschoolportugal.com\/de\/the-ocean-spirits-lodge-2\/#breadcrumb"},"inLanguage":"de","potentialAction":[{"@type":"ReadAction","target":["https:\/\/kiteschoolportugal.com\/de\/the-ocean-spirits-lodge-2\/"]}]},{"@type":"ImageObject","inLanguage":"de","@id":"https:\/\/kiteschoolportugal.com\/de\/the-ocean-spirits-lodge-2\/#primaryimage","url":"https:\/\/kiteschoolportugal.com\/wp-content\/uploads\/2023\/05\/shell1-300x200.jpg","contentUrl":"https:\/\/kiteschoolportugal.com\/wp-content\/uploads\/2023\/05\/shell1-300x200.jpg"},{"@type":"BreadcrumbList","@id":"https:\/\/kiteschoolportugal.com\/de\/the-ocean-spirits-lodge-2\/#breadcrumb","itemListElement":[{"@type":"ListItem","position":1,"name":"Home","item":"https:\/\/kiteschoolportugal.com\/de\/home\/"},{"@type":"ListItem","position":2,"name":"The Ocean Spirits Lodge"}]},{"@type":"WebSite","@id":"https:\/\/kiteschoolportugal.com\/de\/#website","url":"https:\/\/kiteschoolportugal.com\/de\/","name":"Kiteschool Portugal","description":"Kiteschool Portugal, Kitesafari Brazil and SUP Lagos","potentialAction":[{"@type":"SearchAction","target":{"@type":"EntryPoint","urlTemplate":"https:\/\/kiteschoolportugal.com\/de\/?s={search_term_string}"},"query-input":{"@type":"PropertyValueSpecification","valueRequired":true,"valueName":"search_term_string"}}],"inLanguage":"de"}]}},"_links":{"self":[{"href":"https:\/\/kiteschoolportugal.com\/de\/wp-json\/wp\/v2\/pages\/1591","targetHints":{"allow":["GET"]}}],"collection":[{"href":"https:\/\/kiteschoolportugal.com\/de\/wp-json\/wp\/v2\/pages"}],"about":[{"href":"https:\/\/kiteschoolportugal.com\/de\/wp-json\/wp\/v2\/types\/page"}],"author":[{"embeddable":true,"href":"https:\/\/kiteschoolportugal.com\/de\/wp-json\/wp\/v2\/users\/2"}],"replies":[{"embeddable":true,"href":"https:\/\/kiteschoolportugal.com\/de\/wp-json\/wp\/v2\/comments?post=1591"}],"version-history":[{"count":115,"href":"https:\/\/kiteschoolportugal.com\/de\/wp-json\/wp\/v2\/pages\/1591\/revisions"}],"predecessor-version":[{"id":4027,"href":"https:\/\/kiteschoolportugal.com\/de\/wp-json\/wp\/v2\/pages\/1591\/revisions\/4027"}],"wp:attachment":[{"href":"https:\/\/kiteschoolportugal.com\/de\/wp-json\/wp\/v2\/media?parent=1591"}],"curies":[{"name":"wp","href":"https:\/\/api.w.org\/{rel}","templated":true}]}}