{"id":1605,"date":"2017-03-15T14:54:43","date_gmt":"2017-03-15T14:54:43","guid":{"rendered":"https:\/\/kiteschoolportugal.com\/kiteschool-portugal\/"},"modified":"2026-03-19T18:09:10","modified_gmt":"2026-03-19T18:09:10","slug":"kiteschool-portugal","status":"publish","type":"page","link":"https:\/\/kiteschoolportugal.com\/de\/kiteschool-portugal\/","title":{"rendered":"Kiteschool Portugal"},"content":{"rendered":"<div id=\"cs-content\" class=\"cs-content\"><\/div>\n","protected":false},"excerpt":{"rendered":"<p>Kitesurfen lernen in Alvor, Lagos+ Flachwasser Lagune in Alvor, perfekt f\u00fcr Anf\u00e4nger + Sehr zuverl\u00e4ssige Windbedingungen + Kite Lehrer sprechen Deutsch, Englisch, Portugiesisch, Spanisch, Franz\u00f6sisch + VDWS zertifizierte Kiteschule + Kiteausr\u00fcstung von Duotone Die Landschaft rauscht an dir vorbei, du f\u00fchlst die Sonne und die salzige Gischt auf deinem Gesicht&#8230; und pl\u00f6tzlich scheint der Film auf Zeitlupe zu wechseln&#8230; Tief &#8230; <a href=\"https:\/\/kiteschoolportugal.com\/de\/kiteschool-portugal\/\" class=\"more-link\">Read More<\/a><\/p>\n","protected":false},"author":1,"featured_media":0,"parent":0,"menu_order":0,"comment_status":"closed","ping_status":"closed","template":"template-blank-4.php","meta":{"footnotes":""},"class_list":["post-1605","page","type-page","status-publish","hentry","no-post-thumbnail"],"yoast_head":"<!-- This site is optimized with the Yoast SEO plugin v27.5 - https:\/\/yoast.com\/product\/yoast-seo-wordpress\/ -->\n<title>Kitesurf Unterricht &amp; Kurse | Kiteschool Portugal<\/title>\n<meta name=\"robots\" content=\"index, follow, max-snippet:-1, max-image-preview:large, max-video-preview:-1\" \/>\n<link rel=\"canonical\" href=\"https:\/\/kiteschoolportugal.com\/de\/kiteschool-portugal\/\" \/>\n<meta property=\"og:locale\" content=\"de_DE\" \/>\n<meta property=\"og:type\" content=\"article\" \/>\n<meta property=\"og:title\" content=\"Kitesurf Unterricht &amp; Kurse | Kiteschool Portugal\" \/>\n<meta property=\"og:description\" content=\"Kitesurfen lernen in Alvor, Lagos+ Flachwasser Lagune in Alvor, perfekt f\u00fcr Anf\u00e4nger + Sehr zuverl\u00e4ssige Windbedingungen + Kite Lehrer sprechen Deutsch, Englisch, Portugiesisch, Spanisch, Franz\u00f6sisch + VDWS zertifizierte Kiteschule + Kiteausr\u00fcstung von Duotone Die Landschaft rauscht an dir vorbei, du f\u00fchlst die Sonne und die salzige Gischt auf deinem Gesicht... und pl\u00f6tzlich scheint der Film auf Zeitlupe zu wechseln... Tief ... Read More\" \/>\n<meta property=\"og:url\" content=\"https:\/\/kiteschoolportugal.com\/de\/kiteschool-portugal\/\" \/>\n<meta property=\"og:site_name\" content=\"Kiteschool Portugal\" \/>\n<meta property=\"article:publisher\" content=\"https:\/\/www.facebook.com\/suplagoskiteschoolportugal\/\" \/>\n<meta property=\"article:modified_time\" content=\"2026-03-19T18:09:10+00:00\" \/>\n<meta property=\"og:image\" content=\"https:\/\/www.tripadvisor.com\/img\/cdsi\/img2\/branding\/tripadvisor_logo_transp_340x80-18034-2.png\" \/>\n<meta name=\"twitter:card\" content=\"summary_large_image\" \/>\n<meta name=\"twitter:label1\" content=\"Gesch\u00e4tzte Lesezeit\" \/>\n\t<meta name=\"twitter:data1\" content=\"13\u00a0Minuten\" \/>\n<script type=\"application\/ld+json\" class=\"yoast-schema-graph\">{\"@context\":\"https:\\\/\\\/schema.org\",\"@graph\":[{\"@type\":\"WebPage\",\"@id\":\"https:\\\/\\\/kiteschoolportugal.com\\\/de\\\/kiteschool-portugal\\\/\",\"url\":\"https:\\\/\\\/kiteschoolportugal.com\\\/de\\\/kiteschool-portugal\\\/\",\"name\":\"Kitesurf Unterricht & Kurse | Kiteschool Portugal\",\"isPartOf\":{\"@id\":\"https:\\\/\\\/kiteschoolportugal.com\\\/de\\\/#website\"},\"primaryImageOfPage\":{\"@id\":\"https:\\\/\\\/kiteschoolportugal.com\\\/de\\\/kiteschool-portugal\\\/#primaryimage\"},\"image\":{\"@id\":\"https:\\\/\\\/kiteschoolportugal.com\\\/de\\\/kiteschool-portugal\\\/#primaryimage\"},\"thumbnailUrl\":\"https:\\\/\\\/www.tripadvisor.com\\\/img\\\/cdsi\\\/img2\\\/branding\\\/tripadvisor_logo_transp_340x80-18034-2.png\",\"datePublished\":\"2017-03-15T14:54:43+00:00\",\"dateModified\":\"2026-03-19T18:09:10+00:00\",\"breadcrumb\":{\"@id\":\"https:\\\/\\\/kiteschoolportugal.com\\\/de\\\/kiteschool-portugal\\\/#breadcrumb\"},\"inLanguage\":\"de\",\"potentialAction\":[{\"@type\":\"ReadAction\",\"target\":[\"https:\\\/\\\/kiteschoolportugal.com\\\/de\\\/kiteschool-portugal\\\/\"]}]},{\"@type\":\"ImageObject\",\"inLanguage\":\"de\",\"@id\":\"https:\\\/\\\/kiteschoolportugal.com\\\/de\\\/kiteschool-portugal\\\/#primaryimage\",\"url\":\"https:\\\/\\\/www.tripadvisor.com\\\/img\\\/cdsi\\\/img2\\\/branding\\\/tripadvisor_logo_transp_340x80-18034-2.png\",\"contentUrl\":\"https:\\\/\\\/www.tripadvisor.com\\\/img\\\/cdsi\\\/img2\\\/branding\\\/tripadvisor_logo_transp_340x80-18034-2.png\"},{\"@type\":\"BreadcrumbList\",\"@id\":\"https:\\\/\\\/kiteschoolportugal.com\\\/de\\\/kiteschool-portugal\\\/#breadcrumb\",\"itemListElement\":[{\"@type\":\"ListItem\",\"position\":1,\"name\":\"Home\",\"item\":\"https:\\\/\\\/kiteschoolportugal.com\\\/de\\\/home\\\/\"},{\"@type\":\"ListItem\",\"position\":2,\"name\":\"Kiteschool Portugal\"}]},{\"@type\":\"WebSite\",\"@id\":\"https:\\\/\\\/kiteschoolportugal.com\\\/de\\\/#website\",\"url\":\"https:\\\/\\\/kiteschoolportugal.com\\\/de\\\/\",\"name\":\"Kiteschool Portugal\",\"description\":\"Kiteschool Portugal, Kitesafari Brazil and SUP Lagos\",\"potentialAction\":[{\"@type\":\"SearchAction\",\"target\":{\"@type\":\"EntryPoint\",\"urlTemplate\":\"https:\\\/\\\/kiteschoolportugal.com\\\/de\\\/?s={search_term_string}\"},\"query-input\":{\"@type\":\"PropertyValueSpecification\",\"valueRequired\":true,\"valueName\":\"search_term_string\"}}],\"inLanguage\":\"de\"}]}<\/script>\n<!-- \/ Yoast SEO plugin. -->","yoast_head_json":{"title":"Kitesurf Unterricht & Kurse | Kiteschool Portugal","robots":{"index":"index","follow":"follow","max-snippet":"max-snippet:-1","max-image-preview":"max-image-preview:large","max-video-preview":"max-video-preview:-1"},"canonical":"https:\/\/kiteschoolportugal.com\/de\/kiteschool-portugal\/","og_locale":"de_DE","og_type":"article","og_title":"Kitesurf Unterricht & Kurse | Kiteschool Portugal","og_description":"Kitesurfen lernen in Alvor, Lagos+ Flachwasser Lagune in Alvor, perfekt f\u00fcr Anf\u00e4nger + Sehr zuverl\u00e4ssige Windbedingungen + Kite Lehrer sprechen Deutsch, Englisch, Portugiesisch, Spanisch, Franz\u00f6sisch + VDWS zertifizierte Kiteschule + Kiteausr\u00fcstung von Duotone Die Landschaft rauscht an dir vorbei, du f\u00fchlst die Sonne und die salzige Gischt auf deinem Gesicht... und pl\u00f6tzlich scheint der Film auf Zeitlupe zu wechseln... Tief ... Read More","og_url":"https:\/\/kiteschoolportugal.com\/de\/kiteschool-portugal\/","og_site_name":"Kiteschool Portugal","article_publisher":"https:\/\/www.facebook.com\/suplagoskiteschoolportugal\/","article_modified_time":"2026-03-19T18:09:10+00:00","og_image":[{"url":"https:\/\/www.tripadvisor.com\/img\/cdsi\/img2\/branding\/tripadvisor_logo_transp_340x80-18034-2.png","type":"","width":"","height":""}],"twitter_card":"summary_large_image","twitter_misc":{"Gesch\u00e4tzte Lesezeit":"13\u00a0Minuten"},"schema":{"@context":"https:\/\/schema.org","@graph":[{"@type":"WebPage","@id":"https:\/\/kiteschoolportugal.com\/de\/kiteschool-portugal\/","url":"https:\/\/kiteschoolportugal.com\/de\/kiteschool-portugal\/","name":"Kitesurf Unterricht & Kurse | Kiteschool Portugal","isPartOf":{"@id":"https:\/\/kiteschoolportugal.com\/de\/#website"},"primaryImageOfPage":{"@id":"https:\/\/kiteschoolportugal.com\/de\/kiteschool-portugal\/#primaryimage"},"image":{"@id":"https:\/\/kiteschoolportugal.com\/de\/kiteschool-portugal\/#primaryimage"},"thumbnailUrl":"https:\/\/www.tripadvisor.com\/img\/cdsi\/img2\/branding\/tripadvisor_logo_transp_340x80-18034-2.png","datePublished":"2017-03-15T14:54:43+00:00","dateModified":"2026-03-19T18:09:10+00:00","breadcrumb":{"@id":"https:\/\/kiteschoolportugal.com\/de\/kiteschool-portugal\/#breadcrumb"},"inLanguage":"de","potentialAction":[{"@type":"ReadAction","target":["https:\/\/kiteschoolportugal.com\/de\/kiteschool-portugal\/"]}]},{"@type":"ImageObject","inLanguage":"de","@id":"https:\/\/kiteschoolportugal.com\/de\/kiteschool-portugal\/#primaryimage","url":"https:\/\/www.tripadvisor.com\/img\/cdsi\/img2\/branding\/tripadvisor_logo_transp_340x80-18034-2.png","contentUrl":"https:\/\/www.tripadvisor.com\/img\/cdsi\/img2\/branding\/tripadvisor_logo_transp_340x80-18034-2.png"},{"@type":"BreadcrumbList","@id":"https:\/\/kiteschoolportugal.com\/de\/kiteschool-portugal\/#breadcrumb","itemListElement":[{"@type":"ListItem","position":1,"name":"Home","item":"https:\/\/kiteschoolportugal.com\/de\/home\/"},{"@type":"ListItem","position":2,"name":"Kiteschool Portugal"}]},{"@type":"WebSite","@id":"https:\/\/kiteschoolportugal.com\/de\/#website","url":"https:\/\/kiteschoolportugal.com\/de\/","name":"Kiteschool Portugal","description":"Kiteschool Portugal, Kitesafari Brazil and SUP Lagos","potentialAction":[{"@type":"SearchAction","target":{"@type":"EntryPoint","urlTemplate":"https:\/\/kiteschoolportugal.com\/de\/?s={search_term_string}"},"query-input":{"@type":"PropertyValueSpecification","valueRequired":true,"valueName":"search_term_string"}}],"inLanguage":"de"}]}},"_links":{"self":[{"href":"https:\/\/kiteschoolportugal.com\/de\/wp-json\/wp\/v2\/pages\/1605","targetHints":{"allow":["GET"]}}],"collection":[{"href":"https:\/\/kiteschoolportugal.com\/de\/wp-json\/wp\/v2\/pages"}],"about":[{"href":"https:\/\/kiteschoolportugal.com\/de\/wp-json\/wp\/v2\/types\/page"}],"author":[{"embeddable":true,"href":"https:\/\/kiteschoolportugal.com\/de\/wp-json\/wp\/v2\/users\/1"}],"replies":[{"embeddable":true,"href":"https:\/\/kiteschoolportugal.com\/de\/wp-json\/wp\/v2\/comments?post=1605"}],"version-history":[{"count":101,"href":"https:\/\/kiteschoolportugal.com\/de\/wp-json\/wp\/v2\/pages\/1605\/revisions"}],"predecessor-version":[{"id":3994,"href":"https:\/\/kiteschoolportugal.com\/de\/wp-json\/wp\/v2\/pages\/1605\/revisions\/3994"}],"wp:attachment":[{"href":"https:\/\/kiteschoolportugal.com\/de\/wp-json\/wp\/v2\/media?parent=1605"}],"curies":[{"name":"wp","href":"https:\/\/api.w.org\/{rel}","templated":true}]}}