{"id":1683,"date":"2018-08-02T16:28:54","date_gmt":"2018-08-02T16:28:54","guid":{"rendered":"https:\/\/kiteschoolportugal.com\/?page_id=1683\/"},"modified":"2020-02-08T20:53:36","modified_gmt":"2020-02-08T20:53:36","slug":"impressum","status":"publish","type":"page","link":"https:\/\/kiteschoolportugal.com\/de\/impressum\/","title":{"rendered":"Impressum"},"content":{"rendered":"<p>Oceano Vedeta Unipessoal Lda.<br \/>\nRua da Nora, Edificio Solimar  Apartamento 2B<br \/>\nBurgau \u2013 Vila do Bispo Portugal<\/p>\n<p>NIF 514288760 <\/p>\n<p>Empresa de Anima\u00e7\u00e3o Tur\u00edstica Alvar\u00e1 Registro N\u00ba: 323\/2017<\/p>\n<p>Contact: +351 932839003 or info@kiteschoolportugal.com<\/p>\n<p>Bank Account information:<br \/>\nOceano Vedeta &#8211; Unipessoal LDA.<br \/>\nIBAN: PT50-0045 7194 4028 6775 9350 3, BIC\/SWIFT: CCCMPTPL, Credito Agricola<br \/>\nBank Adress: R. 1\u00ba de Maio 2, 8600-172 Luz, Lagos, Portugal <\/p>\n","protected":false},"excerpt":{"rendered":"<p>Oceano Vedeta Unipessoal Lda. Rua da Nora, Edificio Solimar Apartamento 2B Burgau \u2013 Vila do Bispo Portugal NIF 514288760 Empresa de Anima\u00e7\u00e3o Tur\u00edstica Alvar\u00e1 Registro N\u00ba: 323\/2017 Contact: +351 932839003 or info@kiteschoolportugal.com Bank Account information: Oceano Vedeta &#8211; Unipessoal LDA. IBAN: PT50-0045 7194 4028 6775 9350 3, BIC\/SWIFT: CCCMPTPL, Credito Agricola Bank Adress: R. 1\u00ba de Maio 2, 8600-172 Luz, &#8230; <a href=\"https:\/\/kiteschoolportugal.com\/de\/impressum\/\" class=\"more-link\">Read More<\/a><\/p>\n","protected":false},"author":1,"featured_media":0,"parent":0,"menu_order":0,"comment_status":"closed","ping_status":"closed","template":"","meta":{"footnotes":""},"class_list":["post-1683","page","type-page","status-publish","hentry","no-post-thumbnail"],"yoast_head":"<!-- This site is optimized with the Yoast SEO plugin v27.5 - https:\/\/yoast.com\/product\/yoast-seo-wordpress\/ -->\n<title>Impressum - Kiteschool Portugal<\/title>\n<meta name=\"robots\" content=\"index, follow, max-snippet:-1, max-image-preview:large, max-video-preview:-1\" \/>\n<link rel=\"canonical\" href=\"https:\/\/kiteschoolportugal.com\/de\/impressum\/\" \/>\n<meta property=\"og:locale\" content=\"de_DE\" \/>\n<meta property=\"og:type\" content=\"article\" \/>\n<meta property=\"og:title\" content=\"Impressum - Kiteschool Portugal\" \/>\n<meta property=\"og:description\" content=\"Oceano Vedeta Unipessoal Lda. Rua da Nora, Edificio Solimar Apartamento 2B Burgau \u2013 Vila do Bispo Portugal NIF 514288760 Empresa de Anima\u00e7\u00e3o Tur\u00edstica Alvar\u00e1 Registro N\u00ba: 323\/2017 Contact: +351 932839003 or info@kiteschoolportugal.com Bank Account information: Oceano Vedeta &#8211; Unipessoal LDA. IBAN: PT50-0045 7194 4028 6775 9350 3, BIC\/SWIFT: CCCMPTPL, Credito Agricola Bank Adress: R. 1\u00ba de Maio 2, 8600-172 Luz, ... Read More\" \/>\n<meta property=\"og:url\" content=\"https:\/\/kiteschoolportugal.com\/de\/impressum\/\" \/>\n<meta property=\"og:site_name\" content=\"Kiteschool Portugal\" \/>\n<meta property=\"article:publisher\" content=\"https:\/\/www.facebook.com\/suplagoskiteschoolportugal\/\" \/>\n<meta property=\"article:modified_time\" content=\"2020-02-08T20:53:36+00:00\" \/>\n<meta property=\"og:image\" content=\"https:\/\/kiteschoolportugal.com\/wp-content\/uploads\/2016\/05\/kiteschool-social-share.jpg\" \/>\n<meta name=\"twitter:card\" content=\"summary_large_image\" \/>\n<script type=\"application\/ld+json\" class=\"yoast-schema-graph\">{\"@context\":\"https:\\\/\\\/schema.org\",\"@graph\":[{\"@type\":\"WebPage\",\"@id\":\"https:\\\/\\\/kiteschoolportugal.com\\\/de\\\/impressum\\\/\",\"url\":\"https:\\\/\\\/kiteschoolportugal.com\\\/de\\\/impressum\\\/\",\"name\":\"Impressum - Kiteschool Portugal\",\"isPartOf\":{\"@id\":\"https:\\\/\\\/kiteschoolportugal.com\\\/de\\\/#website\"},\"datePublished\":\"2018-08-02T16:28:54+00:00\",\"dateModified\":\"2020-02-08T20:53:36+00:00\",\"breadcrumb\":{\"@id\":\"https:\\\/\\\/kiteschoolportugal.com\\\/de\\\/impressum\\\/#breadcrumb\"},\"inLanguage\":\"de\",\"potentialAction\":[{\"@type\":\"ReadAction\",\"target\":[\"https:\\\/\\\/kiteschoolportugal.com\\\/de\\\/impressum\\\/\"]}]},{\"@type\":\"BreadcrumbList\",\"@id\":\"https:\\\/\\\/kiteschoolportugal.com\\\/de\\\/impressum\\\/#breadcrumb\",\"itemListElement\":[{\"@type\":\"ListItem\",\"position\":1,\"name\":\"Home\",\"item\":\"https:\\\/\\\/kiteschoolportugal.com\\\/de\\\/home\\\/\"},{\"@type\":\"ListItem\",\"position\":2,\"name\":\"Impressum\"}]},{\"@type\":\"WebSite\",\"@id\":\"https:\\\/\\\/kiteschoolportugal.com\\\/de\\\/#website\",\"url\":\"https:\\\/\\\/kiteschoolportugal.com\\\/de\\\/\",\"name\":\"Kiteschool Portugal\",\"description\":\"Kiteschool Portugal, Kitesafari Brazil and SUP Lagos\",\"potentialAction\":[{\"@type\":\"SearchAction\",\"target\":{\"@type\":\"EntryPoint\",\"urlTemplate\":\"https:\\\/\\\/kiteschoolportugal.com\\\/de\\\/?s={search_term_string}\"},\"query-input\":{\"@type\":\"PropertyValueSpecification\",\"valueRequired\":true,\"valueName\":\"search_term_string\"}}],\"inLanguage\":\"de\"}]}<\/script>\n<!-- \/ Yoast SEO plugin. -->","yoast_head_json":{"title":"Impressum - Kiteschool Portugal","robots":{"index":"index","follow":"follow","max-snippet":"max-snippet:-1","max-image-preview":"max-image-preview:large","max-video-preview":"max-video-preview:-1"},"canonical":"https:\/\/kiteschoolportugal.com\/de\/impressum\/","og_locale":"de_DE","og_type":"article","og_title":"Impressum - Kiteschool Portugal","og_description":"Oceano Vedeta Unipessoal Lda. Rua da Nora, Edificio Solimar Apartamento 2B Burgau \u2013 Vila do Bispo Portugal NIF 514288760 Empresa de Anima\u00e7\u00e3o Tur\u00edstica Alvar\u00e1 Registro N\u00ba: 323\/2017 Contact: +351 932839003 or info@kiteschoolportugal.com Bank Account information: Oceano Vedeta &#8211; Unipessoal LDA. IBAN: PT50-0045 7194 4028 6775 9350 3, BIC\/SWIFT: CCCMPTPL, Credito Agricola Bank Adress: R. 1\u00ba de Maio 2, 8600-172 Luz, ... Read More","og_url":"https:\/\/kiteschoolportugal.com\/de\/impressum\/","og_site_name":"Kiteschool Portugal","article_publisher":"https:\/\/www.facebook.com\/suplagoskiteschoolportugal\/","article_modified_time":"2020-02-08T20:53:36+00:00","og_image":[{"url":"https:\/\/kiteschoolportugal.com\/wp-content\/uploads\/2016\/05\/kiteschool-social-share.jpg","type":"","width":"","height":""}],"twitter_card":"summary_large_image","schema":{"@context":"https:\/\/schema.org","@graph":[{"@type":"WebPage","@id":"https:\/\/kiteschoolportugal.com\/de\/impressum\/","url":"https:\/\/kiteschoolportugal.com\/de\/impressum\/","name":"Impressum - Kiteschool Portugal","isPartOf":{"@id":"https:\/\/kiteschoolportugal.com\/de\/#website"},"datePublished":"2018-08-02T16:28:54+00:00","dateModified":"2020-02-08T20:53:36+00:00","breadcrumb":{"@id":"https:\/\/kiteschoolportugal.com\/de\/impressum\/#breadcrumb"},"inLanguage":"de","potentialAction":[{"@type":"ReadAction","target":["https:\/\/kiteschoolportugal.com\/de\/impressum\/"]}]},{"@type":"BreadcrumbList","@id":"https:\/\/kiteschoolportugal.com\/de\/impressum\/#breadcrumb","itemListElement":[{"@type":"ListItem","position":1,"name":"Home","item":"https:\/\/kiteschoolportugal.com\/de\/home\/"},{"@type":"ListItem","position":2,"name":"Impressum"}]},{"@type":"WebSite","@id":"https:\/\/kiteschoolportugal.com\/de\/#website","url":"https:\/\/kiteschoolportugal.com\/de\/","name":"Kiteschool Portugal","description":"Kiteschool Portugal, Kitesafari Brazil and SUP Lagos","potentialAction":[{"@type":"SearchAction","target":{"@type":"EntryPoint","urlTemplate":"https:\/\/kiteschoolportugal.com\/de\/?s={search_term_string}"},"query-input":{"@type":"PropertyValueSpecification","valueRequired":true,"valueName":"search_term_string"}}],"inLanguage":"de"}]}},"_links":{"self":[{"href":"https:\/\/kiteschoolportugal.com\/de\/wp-json\/wp\/v2\/pages\/1683","targetHints":{"allow":["GET"]}}],"collection":[{"href":"https:\/\/kiteschoolportugal.com\/de\/wp-json\/wp\/v2\/pages"}],"about":[{"href":"https:\/\/kiteschoolportugal.com\/de\/wp-json\/wp\/v2\/types\/page"}],"author":[{"embeddable":true,"href":"https:\/\/kiteschoolportugal.com\/de\/wp-json\/wp\/v2\/users\/1"}],"replies":[{"embeddable":true,"href":"https:\/\/kiteschoolportugal.com\/de\/wp-json\/wp\/v2\/comments?post=1683"}],"version-history":[{"count":2,"href":"https:\/\/kiteschoolportugal.com\/de\/wp-json\/wp\/v2\/pages\/1683\/revisions"}],"predecessor-version":[{"id":2971,"href":"https:\/\/kiteschoolportugal.com\/de\/wp-json\/wp\/v2\/pages\/1683\/revisions\/2971"}],"wp:attachment":[{"href":"https:\/\/kiteschoolportugal.com\/de\/wp-json\/wp\/v2\/media?parent=1683"}],"curies":[{"name":"wp","href":"https:\/\/api.w.org\/{rel}","templated":true}]}}