{"id":1990,"date":"2017-04-02T17:01:11","date_gmt":"2017-04-02T17:01:11","guid":{"rendered":"https:\/\/kiteschoolportugal.com\/vdws-safety-tool\/"},"modified":"2017-04-02T17:01:11","modified_gmt":"2017-04-02T17:01:11","slug":"vdws-safety-tool","status":"publish","type":"page","link":"https:\/\/kiteschoolportugal.com\/de\/vdws-safety-tool\/","title":{"rendered":"VDWS SAFETY TOOL"},"content":{"rendered":"<h3>Der Rundum Wassersportschutz f\u00fcr:<\/h3>\n<ul>\n<li>Windsurfer und SUPer<\/li>\n<li>Kiteboarder und Snowkiter<\/li>\n<li>Jollensegler und Catsegler<\/li>\n<\/ul>\n<p>Das SafetyTool f\u00fcr 39 \u20ac \/Jahr inklusive weltweitem<\/p>\n<ul>\n<li>Kaskoschutz f\u00fcr Mietmaterial<\/li>\n<li>Haftpflichtschutz bis 3 Mio Euro<\/li>\n<li>Unfallschutz<\/li>\n<\/ul>\n<\/div>\n<h3>Get your insurance at<\/h3>\n<div id=\"Redirect_SafetyTool\"><a href=\"http:\/\/www.safetytool.de\/VS20876\" target=\"_blank\"><img decoding=\"async\" src=\"https:\/\/cp.vdws.de\/downloads\/SafetyTool\/SafetyTool_Logo_500x120.png\" alt=\"VDWS\" \/><\/a><\/div>\n<h3>Kaskoschutz f\u00fcr Mietmaterial<\/h3>\n<p>Versichert ist die Besch\u00e4digung oder Zerst\u00f6rung eines entgeltlich gemieteten oder im Rahmen einer Pauschalreisebuchung \u00fcberlassenen Windsurf, Kitesurf oder Snowkiteger\u00e4tes, Segelboot\/Catamaran bis zu einer Deckungssumme von \u20ac 1.500 pro Versicherungsjahr. Ausgeschlossen sind vors\u00e4tzliche Besch\u00e4digungen. Selbstbehalt je Schadenfall: Kitesurfen\/Windsurfen \u20ac 50, Segeln \u20ac 100.<\/p>\n<h3>Haftpflichtschutz<\/h3>\n<p>Deckungssumme 3.000.000 \u20ac pauschal f\u00fcr Personen- und Sachsch\u00e4den. Kitesurf-, Snowkite-Haftpflicht: aus Halten, Besitz und Gebrauch von eigenen und fremden Windsurf-, Kitesurf- und Snowkiteger\u00e4ten, die ausschlie\u00dflich zu privaten Zwecken benutzt werden. Skipper-Haftpflicht: aus F\u00fchren, Besitz und Gebrauch eines gecharterten\/geliehenen Segelbootes\/Catamaran (nicht eigene Boote), das ohne Berufsbesatzung und ausschlie\u00dflich zu privaten Zwecken benutzt wird.<br \/>\nUnfallschutz<br \/>\nF\u00fcr alle Unf\u00e4lle bei Benutzung von Windsurf-, Kitesurf-, Snowkite- und Segelmaterial \u20ac 16.000 Invalidit\u00e4t (Kinder \u20ac 21.000) \u20ac 5.000 Bergungs-\/Rettungskosten \u20ac 3.000 Todesfall \u20ac 6 Krankenhaustagegeld \u20ac 2.500 Kurbeihilfe Besonderheit f\u00fcr die Schweiz Aufgrund der einschl\u00e4gigen gesetzlichen Bestimmungen in der Schweiz gilt der Versicherungsschutz der Haftpflichtversicherung f\u00fcr Versicherte die Schweizer Staatsb\u00fcrger sind, nicht in der Schweiz selbst. Schweizer Versicherte haben in der Haftpflichtversicherung jedoch Versicherungsschutz, sofern diese Deckung ausschlie\u00dflich f\u00fcr die G\u00fcltigkeit au\u00dferhalb der Schweiz, z.B. anl\u00e4sslich von Reisen, abgeschlossen wird. Die Unfallversicherung und der Kaskoschutz f\u00fcr die Besch\u00e4digung von Leihmaterial gilt weltweit inklusive der Schweiz.\n<\/p><\/div>\n<h3>Get your insurance at<\/h3>\n<div id=\"Redirect_SafetyTool\"><a href=\"http:\/\/www.safetytool.de\/VS20876\" target=\"_blank\"><img decoding=\"async\" src=\"https:\/\/cp.vdws.de\/downloads\/SafetyTool\/SafetyTool_Logo_500x120.png\" alt=\"VDWS\" \/><\/a><\/div>\n","protected":false},"excerpt":{"rendered":"<p>Der Rundum Wassersportschutz f\u00fcr: Windsurfer und SUPer Kiteboarder und Snowkiter Jollensegler und Catsegler Das SafetyTool f\u00fcr 39 \u20ac \/Jahr inklusive weltweitem Kaskoschutz f\u00fcr Mietmaterial Haftpflichtschutz bis 3 Mio Euro Unfallschutz Get your insurance at Kaskoschutz f\u00fcr Mietmaterial Versichert ist die Besch\u00e4digung oder Zerst\u00f6rung eines entgeltlich gemieteten oder im Rahmen einer Pauschalreisebuchung \u00fcberlassenen Windsurf, Kitesurf oder Snowkiteger\u00e4tes, Segelboot\/Catamaran bis zu einer &#8230; <a href=\"https:\/\/kiteschoolportugal.com\/de\/vdws-safety-tool\/\" class=\"more-link\">Read More<\/a><\/p>\n","protected":false},"author":1,"featured_media":0,"parent":0,"menu_order":0,"comment_status":"closed","ping_status":"closed","template":"","meta":{"footnotes":""},"class_list":["post-1990","page","type-page","status-publish","hentry","no-post-thumbnail"],"yoast_head":"<!-- This site is optimized with the Yoast SEO plugin v27.5 - https:\/\/yoast.com\/product\/yoast-seo-wordpress\/ -->\n<title>VDWS SAFETY TOOL - Kiteschool Portugal<\/title>\n<meta name=\"robots\" content=\"index, follow, max-snippet:-1, max-image-preview:large, max-video-preview:-1\" \/>\n<link rel=\"canonical\" href=\"https:\/\/kiteschoolportugal.com\/de\/vdws-safety-tool\/\" \/>\n<meta property=\"og:locale\" content=\"de_DE\" \/>\n<meta property=\"og:type\" content=\"article\" \/>\n<meta property=\"og:title\" content=\"VDWS SAFETY TOOL - Kiteschool Portugal\" \/>\n<meta property=\"og:description\" content=\"Der Rundum Wassersportschutz f\u00fcr: Windsurfer und SUPer Kiteboarder und Snowkiter Jollensegler und Catsegler Das SafetyTool f\u00fcr 39 \u20ac \/Jahr inklusive weltweitem Kaskoschutz f\u00fcr Mietmaterial Haftpflichtschutz bis 3 Mio Euro Unfallschutz Get your insurance at Kaskoschutz f\u00fcr Mietmaterial Versichert ist die Besch\u00e4digung oder Zerst\u00f6rung eines entgeltlich gemieteten oder im Rahmen einer Pauschalreisebuchung \u00fcberlassenen Windsurf, Kitesurf oder Snowkiteger\u00e4tes, Segelboot\/Catamaran bis zu einer ... Read More\" \/>\n<meta property=\"og:url\" content=\"https:\/\/kiteschoolportugal.com\/de\/vdws-safety-tool\/\" \/>\n<meta property=\"og:site_name\" content=\"Kiteschool Portugal\" \/>\n<meta property=\"article:publisher\" content=\"https:\/\/www.facebook.com\/suplagoskiteschoolportugal\/\" \/>\n<meta property=\"og:image\" content=\"https:\/\/cp.vdws.de\/downloads\/SafetyTool\/SafetyTool_Logo_500x120.png\" \/>\n<meta name=\"twitter:card\" content=\"summary_large_image\" \/>\n<meta name=\"twitter:label1\" content=\"Gesch\u00e4tzte Lesezeit\" \/>\n\t<meta name=\"twitter:data1\" content=\"1\u00a0Minute\" \/>\n<script type=\"application\/ld+json\" class=\"yoast-schema-graph\">{\"@context\":\"https:\\\/\\\/schema.org\",\"@graph\":[{\"@type\":\"WebPage\",\"@id\":\"https:\\\/\\\/kiteschoolportugal.com\\\/de\\\/vdws-safety-tool\\\/\",\"url\":\"https:\\\/\\\/kiteschoolportugal.com\\\/de\\\/vdws-safety-tool\\\/\",\"name\":\"VDWS SAFETY TOOL - Kiteschool Portugal\",\"isPartOf\":{\"@id\":\"https:\\\/\\\/kiteschoolportugal.com\\\/de\\\/#website\"},\"primaryImageOfPage\":{\"@id\":\"https:\\\/\\\/kiteschoolportugal.com\\\/de\\\/vdws-safety-tool\\\/#primaryimage\"},\"image\":{\"@id\":\"https:\\\/\\\/kiteschoolportugal.com\\\/de\\\/vdws-safety-tool\\\/#primaryimage\"},\"thumbnailUrl\":\"https:\\\/\\\/cp.vdws.de\\\/downloads\\\/SafetyTool\\\/SafetyTool_Logo_500x120.png\",\"datePublished\":\"2017-04-02T17:01:11+00:00\",\"breadcrumb\":{\"@id\":\"https:\\\/\\\/kiteschoolportugal.com\\\/de\\\/vdws-safety-tool\\\/#breadcrumb\"},\"inLanguage\":\"de\",\"potentialAction\":[{\"@type\":\"ReadAction\",\"target\":[\"https:\\\/\\\/kiteschoolportugal.com\\\/de\\\/vdws-safety-tool\\\/\"]}]},{\"@type\":\"ImageObject\",\"inLanguage\":\"de\",\"@id\":\"https:\\\/\\\/kiteschoolportugal.com\\\/de\\\/vdws-safety-tool\\\/#primaryimage\",\"url\":\"https:\\\/\\\/cp.vdws.de\\\/downloads\\\/SafetyTool\\\/SafetyTool_Logo_500x120.png\",\"contentUrl\":\"https:\\\/\\\/cp.vdws.de\\\/downloads\\\/SafetyTool\\\/SafetyTool_Logo_500x120.png\"},{\"@type\":\"BreadcrumbList\",\"@id\":\"https:\\\/\\\/kiteschoolportugal.com\\\/de\\\/vdws-safety-tool\\\/#breadcrumb\",\"itemListElement\":[{\"@type\":\"ListItem\",\"position\":1,\"name\":\"Home\",\"item\":\"https:\\\/\\\/kiteschoolportugal.com\\\/de\\\/home\\\/\"},{\"@type\":\"ListItem\",\"position\":2,\"name\":\"VDWS SAFETY TOOL\"}]},{\"@type\":\"WebSite\",\"@id\":\"https:\\\/\\\/kiteschoolportugal.com\\\/de\\\/#website\",\"url\":\"https:\\\/\\\/kiteschoolportugal.com\\\/de\\\/\",\"name\":\"Kiteschool Portugal\",\"description\":\"Kiteschool Portugal, Kitesafari Brazil and SUP Lagos\",\"potentialAction\":[{\"@type\":\"SearchAction\",\"target\":{\"@type\":\"EntryPoint\",\"urlTemplate\":\"https:\\\/\\\/kiteschoolportugal.com\\\/de\\\/?s={search_term_string}\"},\"query-input\":{\"@type\":\"PropertyValueSpecification\",\"valueRequired\":true,\"valueName\":\"search_term_string\"}}],\"inLanguage\":\"de\"}]}<\/script>\n<!-- \/ Yoast SEO plugin. -->","yoast_head_json":{"title":"VDWS SAFETY TOOL - Kiteschool Portugal","robots":{"index":"index","follow":"follow","max-snippet":"max-snippet:-1","max-image-preview":"max-image-preview:large","max-video-preview":"max-video-preview:-1"},"canonical":"https:\/\/kiteschoolportugal.com\/de\/vdws-safety-tool\/","og_locale":"de_DE","og_type":"article","og_title":"VDWS SAFETY TOOL - Kiteschool Portugal","og_description":"Der Rundum Wassersportschutz f\u00fcr: Windsurfer und SUPer Kiteboarder und Snowkiter Jollensegler und Catsegler Das SafetyTool f\u00fcr 39 \u20ac \/Jahr inklusive weltweitem Kaskoschutz f\u00fcr Mietmaterial Haftpflichtschutz bis 3 Mio Euro Unfallschutz Get your insurance at Kaskoschutz f\u00fcr Mietmaterial Versichert ist die Besch\u00e4digung oder Zerst\u00f6rung eines entgeltlich gemieteten oder im Rahmen einer Pauschalreisebuchung \u00fcberlassenen Windsurf, Kitesurf oder Snowkiteger\u00e4tes, Segelboot\/Catamaran bis zu einer ... Read More","og_url":"https:\/\/kiteschoolportugal.com\/de\/vdws-safety-tool\/","og_site_name":"Kiteschool Portugal","article_publisher":"https:\/\/www.facebook.com\/suplagoskiteschoolportugal\/","og_image":[{"url":"https:\/\/cp.vdws.de\/downloads\/SafetyTool\/SafetyTool_Logo_500x120.png","type":"","width":"","height":""}],"twitter_card":"summary_large_image","twitter_misc":{"Gesch\u00e4tzte Lesezeit":"1\u00a0Minute"},"schema":{"@context":"https:\/\/schema.org","@graph":[{"@type":"WebPage","@id":"https:\/\/kiteschoolportugal.com\/de\/vdws-safety-tool\/","url":"https:\/\/kiteschoolportugal.com\/de\/vdws-safety-tool\/","name":"VDWS SAFETY TOOL - Kiteschool Portugal","isPartOf":{"@id":"https:\/\/kiteschoolportugal.com\/de\/#website"},"primaryImageOfPage":{"@id":"https:\/\/kiteschoolportugal.com\/de\/vdws-safety-tool\/#primaryimage"},"image":{"@id":"https:\/\/kiteschoolportugal.com\/de\/vdws-safety-tool\/#primaryimage"},"thumbnailUrl":"https:\/\/cp.vdws.de\/downloads\/SafetyTool\/SafetyTool_Logo_500x120.png","datePublished":"2017-04-02T17:01:11+00:00","breadcrumb":{"@id":"https:\/\/kiteschoolportugal.com\/de\/vdws-safety-tool\/#breadcrumb"},"inLanguage":"de","potentialAction":[{"@type":"ReadAction","target":["https:\/\/kiteschoolportugal.com\/de\/vdws-safety-tool\/"]}]},{"@type":"ImageObject","inLanguage":"de","@id":"https:\/\/kiteschoolportugal.com\/de\/vdws-safety-tool\/#primaryimage","url":"https:\/\/cp.vdws.de\/downloads\/SafetyTool\/SafetyTool_Logo_500x120.png","contentUrl":"https:\/\/cp.vdws.de\/downloads\/SafetyTool\/SafetyTool_Logo_500x120.png"},{"@type":"BreadcrumbList","@id":"https:\/\/kiteschoolportugal.com\/de\/vdws-safety-tool\/#breadcrumb","itemListElement":[{"@type":"ListItem","position":1,"name":"Home","item":"https:\/\/kiteschoolportugal.com\/de\/home\/"},{"@type":"ListItem","position":2,"name":"VDWS SAFETY TOOL"}]},{"@type":"WebSite","@id":"https:\/\/kiteschoolportugal.com\/de\/#website","url":"https:\/\/kiteschoolportugal.com\/de\/","name":"Kiteschool Portugal","description":"Kiteschool Portugal, Kitesafari Brazil and SUP Lagos","potentialAction":[{"@type":"SearchAction","target":{"@type":"EntryPoint","urlTemplate":"https:\/\/kiteschoolportugal.com\/de\/?s={search_term_string}"},"query-input":{"@type":"PropertyValueSpecification","valueRequired":true,"valueName":"search_term_string"}}],"inLanguage":"de"}]}},"_links":{"self":[{"href":"https:\/\/kiteschoolportugal.com\/de\/wp-json\/wp\/v2\/pages\/1990","targetHints":{"allow":["GET"]}}],"collection":[{"href":"https:\/\/kiteschoolportugal.com\/de\/wp-json\/wp\/v2\/pages"}],"about":[{"href":"https:\/\/kiteschoolportugal.com\/de\/wp-json\/wp\/v2\/types\/page"}],"author":[{"embeddable":true,"href":"https:\/\/kiteschoolportugal.com\/de\/wp-json\/wp\/v2\/users\/1"}],"replies":[{"embeddable":true,"href":"https:\/\/kiteschoolportugal.com\/de\/wp-json\/wp\/v2\/comments?post=1990"}],"version-history":[{"count":0,"href":"https:\/\/kiteschoolportugal.com\/de\/wp-json\/wp\/v2\/pages\/1990\/revisions"}],"wp:attachment":[{"href":"https:\/\/kiteschoolportugal.com\/de\/wp-json\/wp\/v2\/media?parent=1990"}],"curies":[{"name":"wp","href":"https:\/\/api.w.org\/{rel}","templated":true}]}}