{"id":2933,"date":"2018-07-10T13:18:31","date_gmt":"2018-07-10T13:18:31","guid":{"rendered":"https:\/\/kiteschoolportugal.com\/?page_id=2933\/"},"modified":"2020-02-08T20:50:20","modified_gmt":"2020-02-08T20:50:20","slug":"datenschutzerklaerung","status":"publish","type":"page","link":"https:\/\/kiteschoolportugal.com\/de\/datenschutzerklaerung\/","title":{"rendered":"Datenschutzerkl\u00e4rung"},"content":{"rendered":"<p><strong>1. Einleitung<\/strong><br \/>\nWir, die Oceano Vedeta Unipessoal Lda. nehmen den Schutz personenbezogener Daten und damit eingeschlossen auch die Betroffenenrechte sehr ernst<\/p>\n<p>Mit diesen Erl\u00e4uterungen zum Datenschutz m\u00f6chten wir Sie dar\u00fcber informieren,<br \/>\n\u2022 welche personenbezogenen Daten wir beim Besuch unserer Webseite und<br \/>\n\u2022 beim Ausf\u00fcllen unserer Onlineformulare oder<br \/>\n\u2022 unseres Kontaktformulars speichern und<br \/>\n\u2022 zu welchen Zwecken wir diese Daten verwenden und<br \/>\n\u2022 welche Rechte Ihnen in diesem Zusammenhang zustehen.<\/p>\n<p>Wir kontrollieren regelm\u00e4\u00dfig die internen Prozesse sowie die technischen und organisatorischen Ma\u00dfnahmen, um zu gew\u00e4hrleisten, dass die Verarbeitung in seinem Verantwortungsbereich im Einklang mit den Anforderungen des geltenden Datenschutzrechts erfolgt und der Schutz der Rechte der betroffenen Person gew\u00e4hrleistet wird.<\/p>\n<p><strong>Verantwortlicher\u00a0<\/strong><\/p>\n<p>Die Oceano Vedeta Unipessoal Lda. betreibt die vorliegende Webseite und ist Verantwortlicher f\u00fcr die Verarbeitung personenbezogener Daten gem\u00e4\u00df Datenschutzgrundverordnung. Die Erhebung, Verarbeitung und Nutzung Ihrer personenbezogenen Daten erfolgt in \u00dcbereinstimmung mit den geltenden deutschen und europ\u00e4ischen gesetzlichen Vorschriften.<\/p>\n<p>Adresse: Rua da Nora, Edificio Solimar Apartamento 2B, 8650-108 Burgau \u2013 Vila do Bispo Portugal<br \/>\nSteuernr.: NIF 514288760<br \/>\neMail: info@kiteschoolportugal.com<br \/>\nGesch\u00e4ftsf\u00fchrer: Benjamin Sommer<\/p>\n<p><strong>2. Betroffenenrechte<\/strong><br \/>\nAls betroffene Person haben Sie nach Art. 15 ff. DSGVO Rechte, so zum Beispiel<br \/>\n\u2022 von uns zu erfahren, ob und welche personenbezogenen Daten zu Ihnen verarbeitet werden,<br \/>\n\u2022 zu welchen Zwecken,<br \/>\n\u2022 ob Drittl\u00e4nder die Daten erhalten, was wir ausschlie\u00dfen, und<br \/>\n\u2022 dass Sie ein Recht auf Berichtigung oder L\u00f6schung dieser Daten haben.<\/p>\n<p>Das bedeutet, die Oceano Vedeta Unipessoal Lda. gibt Ihnen auf Anfrage Auskunft dar\u00fcber, welche Daten wir von Ihnen gespeichert haben und zu welchen Zwecken wir diese verwenden. Sollten Daten unrichtig sein, werden wir diese berichtigen.<\/p>\n<p><strong>3. Zweckbestimmung<\/strong><br \/>\nZu folgenden Zwecken verarbeiten wir Ihre personenbezogenen Daten:<\/p>\n<p>\u2022 Kursteilnehmer<br \/>\nRechnungserstellung, Teilnahmebescheinigung, Terminerinnerung, usw.<\/p>\n<p>\u2022 Kundenbeziehungen<br \/>\num die Pflichten aus dem Kundenvertrag erf\u00fcllen zu k\u00f6nnen.<\/p>\n<p>\u2022 Kontaktformular<br \/>\num Ihre W\u00fcnsche, die Sie uns per Kontaktformular mitteilen, umsetzen zu k\u00f6nnen<\/p>\n<p>\u2022 Versand von personalisierten Newslettern und Angeboten<br \/>\num Sie mit erw\u00fcnschten Informationen \u00fcber unsere Angebote und Leistungen informieren zu k\u00f6nnen.<\/p>\n<p><strong>4. Website<\/strong><br \/>\nWenn Sie unsere Webseite besuchen, speichern unsere Webserver standardm\u00e4\u00dfig und tempor\u00e4r folgende Daten:<br \/>\n\u2022 IP-Adresse des anfragenden Rechners<br \/>\n\u2022 Datum und Uhrzeit Ihres Besuches<br \/>\n\u2022 Name und URL der abgerufenen Datei<br \/>\n\u2022 Website, von der aus der Zugriff erfolgt (Referrer-URL)<br \/>\n\u2022 verwendeter Browser und ggf. das Betriebssystem Ihres Rechners sowie<br \/>\n\u2022 der Name Ihres Access-Providers<\/p>\n<p>Diese Daten werden anonymisiert gespeichert. Nutzerprofile mit Bezug zu bestimmten oder bestimmbaren Personen werden nicht erstellt. Diese Daten ben\u00f6tigen wir f\u00fcr die Erhaltung der Funktionst\u00fcchtigkeit unserer Systeme. Dies geschieht aufgrund von Art. 6 Abs.1 Buchstabe f der DSGVO.<br \/>\nUnsere Website enth\u00e4lt verschiedene Onlineformulare:<br \/>\n\u2022 Buchungsformular<br \/>\n\u2022 Kontaktformular<br \/>\n\u2022 Registrierung zu Kursen (SUP und Kitesurf)<br \/>\n\u2022 Versand von personalisierten Newslettern und Angeboten<br \/>\nWeitere Informationen hierzu finden Sie unter Punkt 5.<\/p>\n<p><strong>4.1 Cookies<\/strong><br \/>\nDiese Website verwendet Cookies. Cookies sind verschl\u00fcsselte Textfolgen, die eine Website auf dem Computer des Benutzers \/ der Benutzerin speichern.<br \/>\nCookies erm\u00f6glichen es diesen Internetauftritt an Ihre Bed\u00fcrfnisse anzupassen. Zus\u00e4tzlich werden Cookies verwendet, um auf dieser Internetseite die Nutzung verschiedener Seiten zu messen.<br \/>\nDie Arten von Cookies werden als \u201eSession-Cookies\u201c und \u201ePersistent-Cookies\u201c bezeichnet. Session-Cookies sind tempor\u00e4r und werden automatisch gel\u00f6scht, sobald Sie den Internetauftritt verlassen. Alle mit diesen Cookies erhobenen Informationen sind anonym und erlauben keinen R\u00fcckschluss auf die Person des Besuchers.<br \/>\nPersistent-Cookies verbleiben auf der Festplatte Ihres Computers bis Sie diese l\u00f6schen. Die Cookies werden nicht benutzt um Daten \u00fcber Ihre Besuche auf anderen Seiten einzuholen. Cookies besch\u00e4digen oder beeintr\u00e4chtigen die Funktionsweise Ihres Computer, Ihrer Programme oder Dateien nicht.<\/p>\n<p><strong>4.2 Google Anwendungen<\/strong><br \/>\n<strong>4.2.1 Google Allgemein<\/strong><br \/>\nWir weisen darauf hin, dass in den USA kein mit Deutschland und der EU vergleichbares Datenschutzniveau herrscht und wir in den USA f\u00fcr den Verbleib Ihrer Daten nicht garantieren k\u00f6nnen.<br \/>\nGoogle verwendet die so erlangten Informationen unter anderem dazu, B\u00fccher und andere Druckerzeugnisse zu digitalisieren sowie Dienste wie Google Street View und Google Maps zu optimieren (bspw. Hausnummern- und Stra\u00dfennamenerkennung).<\/p>\n<p><strong>4.2.2 Einsatz von Google-Maps f\u00fcr PLZ-Suche und Anfahrtswegberechnung<\/strong><br \/>\nWir setzen auf unserer Seite die Komponente &#8222;Google Maps&#8220; der Firma Google Inc., nachfolgend \u201eGoogle\u201c, ein.<br \/>\nBetreiber des Services:\u00a0Google Inc.<br \/>\nAdresse: Google Inc.<br \/>\n1600 Amphitheatre Parkway<br \/>\nMountain View<br \/>\nCA 94043 USA<\/p>\n<p>Bei jedem einzelnen Aufruf der Komponente &#8222;Google-Maps&#8220; fallen bei Google folgende Daten an:<br \/>\n\u2022 IP-Adresse des anfragenden Rechners<br \/>\n\u2022 Datum und Uhrzeit des Zugriffs<br \/>\n\u2022 Name und URL der abgerufenen Datei<br \/>\n\u2022 Website, von der aus der Zugriff erfolgt (Referrer-URL)<br \/>\n\u2022 verwendeter Browser und ggf. das Betriebssystem Ihres Rechners sowie der Name Ihres Access-Providers<\/p>\n<p>Bei jedem einzelnen Aufruf der Komponente &#8222;Google Maps&#8220; wird von Google ein Cookie gesetzt, um bei der Anzeige der Seite, auf der die Komponente &#8222;Google Maps&#8220; integriert ist, Nutzereinstellungen und -daten zu verarbeiten. Dieses Cookie wird im Regelfall nicht durch das Schlie\u00dfen des Browsers gel\u00f6scht, sondern l\u00e4uft nach einer bestimmten Zeit ab, soweit es nicht von Ihnen zuvor manuell gel\u00f6scht wird.<\/p>\n<p>Wenn Sie mit dieser Verarbeitung Ihrer Daten nicht einverstanden sind, so besteht die M\u00f6glichkeit, den Service von &#8222;Google Maps&#8220; zu deaktivieren und auf diesem Weg die \u00dcbertragung von Daten an Google zu verhindern. Dazu m\u00fcssen Sie die Java-Script-Funktion in Ihrem Browser deaktivieren. Wir weisen Sie jedoch darauf hin, dass Sie in diesem Fall die &#8222;Google Maps&#8220; nicht oder nur eingeschr\u00e4nkt nutzen k\u00f6nnen.<\/p>\n<p>Die Nutzung von &#8222;Google Maps&#8220; und der \u00fcber &#8222;Google Maps&#8220; erlangten Informationen erfolgt gem\u00e4\u00df den Google-Nutzungsbedingungen<br \/>\nhttp:\/\/www.google.de\/intl\/de\/policies\/terms\/regional.html<br \/>\nsowie der zus\u00e4tzlichen Gesch\u00e4ftsbedingungen f\u00fcr \u201eGoogle Maps\u201c<\/p>\n<p><strong>4.3 Verwendung von Social Plug-Ins \u2013 Verlinkung zu sozialen Netzwerken<\/strong><br \/>\nAuf unserer Startseite finden Sie Links zu \u00f6ffentlich zug\u00e4nglichen Webseiten bei Twitter, Facebook, Google-Plus, Youtube und zu einem Blog.<\/p>\n<p><strong>4.4 Verwendung von Paypal &#8211; Zahlungsm\u00f6glichkeiten<\/strong><br \/>\nBetreiber des Services:\u00a0PayPal (Europe) S.\u00e0 r.l. et Cie, S.C.A.<br \/>\nAdresse: PayPal (Europe)<br \/>\n22-24 Boulevard Royal<br \/>\nL-2449 Luxembourg<br \/>\nE-Mail: impressum@paypal.com<\/p>\n<p>Welche Daten werden vom Besucher an PayPal \u00fcbermittelt:<br \/>\n\u2022 IP-Adresse des anfragenden Rechners<br \/>\n\u2022 Datum und Uhrzeit des Zugriffs<br \/>\n\u2022 Name und URL der abgerufenen Datei<br \/>\n\u2022 Website, von der aus der Zugriff erfolgt (URL unserer Website)<br \/>\n\u2022 verwendeter Browser und -version<\/p>\n<p>Bei Nutzung der Bezahlfunktion wird unsere Website verlassen und es werden weitere Daten an Paypal zur Transaktion \u00fcbermittelt, damit die Bezahlung erfolgen kann. Diese auf der Website von Paypal eingegebenen Daten werden von uns nicht erfasst oder gespeichert. Paypal sendet uns eine Transaktionsnummer, womit der Bezahlvorgang als abgeschlossen vermerkt werden kann.<\/p>\n<p>Datenschutz-Webseite:<br \/>\n\u2022 www.paypal.com\/de\/webapps\/mpp\/ua\/privacy-full<br \/>\nMit folgenden Servern wird u.a. kommuniziert:<br \/>\nIP 64.4.250.32 United States AS17012 PayPal, Inc.<\/p>\n<p><strong>5. Verarbeitung von Interessenten und Kundendaten<\/strong><br \/>\n<strong>5.1 Onlineformulare<\/strong><br \/>\nUnsere Onlineformulare erm\u00f6glichen den Eintrag folgender Interessenten- und Kundendaten:<\/p>\n<p><strong>A. Buchungsformular<\/strong><br \/>\nPersonendaten:<br \/>\n\u2022 Anrede<br \/>\n\u2022 Titel<br \/>\n\u2022 Vorname<br \/>\n\u2022 Nachname<br \/>\n\u2022 Stra\u00dfe \/ Nr.<br \/>\n\u2022 PLZ<br \/>\n\u2022 Stadt \/ Ort<br \/>\n\u2022 E-Mail Adresse<br \/>\n\u2022 Telefonnummer<\/p>\n<p><strong>B. Kontaktformuar<\/strong><br \/>\n\u2022 Anrede<br \/>\n\u2022 Titel<br \/>\n\u2022 Vorname<br \/>\n\u2022 Nachname<br \/>\n\u2022 E-Mail Adresse<br \/>\n\u2022 Telefonnummer<br \/>\n\u2022 ja, ich m\u00f6chte weitere Informationen zugeschickt bekommen.<\/p>\n<p><strong>C. Registrierung zu Kursen<\/strong><br \/>\nPersonendaten:<br \/>\n\u2022 Anrede<br \/>\n\u2022 Vorname<br \/>\n\u2022 Nachname<br \/>\n\u2022 Geburtstag<br \/>\n\u2022 Stra\u00dfe \/ Nr.<br \/>\n\u2022 PLZ<br \/>\n\u2022 Stadt \/ Ort<br \/>\n\u2022 Telefon<br \/>\n\u2022 E-Mail Adresse<br \/>\n\u2022 Geburtsdatum<br \/>\n\u2022 Gewicht<br \/>\n\u2022 An-\/Abreise<br \/>\n\u2022 Ferienadresse<br \/>\n\u2022 Geschlecht<br \/>\n\u2022 Gew\u00fcnschter Service<br \/>\n\u2022 AGB Zustimmung<\/p>\n<p><strong>5.2 Empf\u00e4nger der Interessenten- und Kundendaten<\/strong><br \/>\n<strong>Onlineformulare 5.1.a bis 5.1.c<\/strong><br \/>\nAlle Onlineformulare 6.1.a bis 6.1.d senden die Interessenten- und Kundendaten \u00fcber eine HTTPS-verschl\u00fcsselte Verbindung auf dem \u2026\u2026Server.. Auf dem Server sind die Daten nach Mandanten voneinander abgegrenzt, das hei\u00dft, auf den Abschnitt unserer Interessenten- und Kundendaten haben nur ausgew\u00e4hlte Mitarbeiter unseres Unternehmens Zugriff, niemand anderes.<br \/>\nDer Server ist ein Webserver, der ausschlie\u00dflich von Oceano Vedeta Unipessoal Lda genutzt wird, er steht im gesicherten Datacenterpark \u2026\u2026\u2026.., im Rechenzentrum \u2026\u2026, er wird von Firma \u2026\u2026\u2026. gehostet und von der \u2026\u2026.. gemanagt.<\/p>\n<p><strong>5.3 Speicherdauer<\/strong><\/p>\n<p>Die Daten werden solange gespeichert<br \/>\n\u2022 wie der Zweck der Speicherung erf\u00fcllt ist,<br \/>\n\u2022 bis der Betroffene die L\u00f6schung verlangt<\/p>\n<p><strong>5.4 Herkunft der Daten<\/strong><\/p>\n<p>Wir f\u00fchren ausschlie\u00dflich eine Direkterhebung beim Betroffenen per Eintrag in die Onlineformulare durch.<\/p>\n<p><strong>5.5 \u00dcbermittlung an Drittstaaten<\/strong><br \/>\nAlle aus unseren Onlineformularen gewonnenen Daten werden innerhalb Deutschlands bearbeitet und unterliegen dem deutschen und europ\u00e4ischen Datenschutzrecht. Es erfolgt keine \u00dcbermittlung an Drittstaaten, die Verarbeitung der Daten findet ausschlie\u00dflich in Deutschland statt.<\/p>\n<p>Hinweis: Bitte beachten, dass der Direkteinzug durch Paypal auf der externen Website von Paypal erfolgt.<\/p>\n<p><strong>6. Weblinks<\/strong><br \/>\nUnsere Webseiten enthalten Links zu Webseiten anderer Anbieter (&#8222;externe Links&#8220;), auf die sich diese Datenschutzerkl\u00e4rung nicht erstreckt. Diese Webseiten unterliegen der Haftung der jeweiligen Seitenbetreiber.<br \/>\nBei Verkn\u00fcpfung der externen Links waren keine Rechtsverst\u00f6\u00dfe ersichtlich. Auf die aktuelle und k\u00fcnftige Gestaltung der verlinkten Seiten hat der Anbieter keinen Einfluss. Die permanente \u00dcberpr\u00fcfung der externen Links ist f\u00fcr den Anbieter ohne konkrete Hinweise auf Rechtsverst\u00f6\u00dfe nicht zumutbar. Bei Bekanntwerden von Rechtsverst\u00f6\u00dfen werden die betroffenen externen Links unverz\u00fcglich gel\u00f6scht.<\/p>\n","protected":false},"excerpt":{"rendered":"<p>1. Einleitung Wir, die Oceano Vedeta Unipessoal Lda. nehmen den Schutz personenbezogener Daten und damit eingeschlossen auch die Betroffenenrechte sehr ernst Mit diesen Erl\u00e4uterungen zum Datenschutz m\u00f6chten wir Sie dar\u00fcber informieren, \u2022 welche personenbezogenen Daten wir beim Besuch unserer Webseite und \u2022 beim Ausf\u00fcllen unserer Onlineformulare oder \u2022 unseres Kontaktformulars speichern und \u2022 zu welchen Zwecken wir diese Daten verwenden &#8230; <a href=\"https:\/\/kiteschoolportugal.com\/de\/datenschutzerklaerung\/\" class=\"more-link\">Read More<\/a><\/p>\n","protected":false},"author":8,"featured_media":0,"parent":0,"menu_order":0,"comment_status":"closed","ping_status":"closed","template":"","meta":{"footnotes":""},"class_list":["post-2933","page","type-page","status-publish","hentry","no-post-thumbnail"],"yoast_head":"<!-- This site is optimized with the Yoast SEO plugin v27.4 - https:\/\/yoast.com\/product\/yoast-seo-wordpress\/ -->\n<title>Datenschutzerkl\u00e4rung - Kiteschool Portugal<\/title>\n<meta name=\"robots\" content=\"noindex, follow\" \/>\n<meta property=\"og:locale\" content=\"de_DE\" \/>\n<meta property=\"og:type\" content=\"article\" \/>\n<meta property=\"og:title\" content=\"Datenschutzerkl\u00e4rung - Kiteschool Portugal\" \/>\n<meta property=\"og:description\" content=\"1. Einleitung Wir, die Oceano Vedeta Unipessoal Lda. nehmen den Schutz personenbezogener Daten und damit eingeschlossen auch die Betroffenenrechte sehr ernst Mit diesen Erl\u00e4uterungen zum Datenschutz m\u00f6chten wir Sie dar\u00fcber informieren, \u2022 welche personenbezogenen Daten wir beim Besuch unserer Webseite und \u2022 beim Ausf\u00fcllen unserer Onlineformulare oder \u2022 unseres Kontaktformulars speichern und \u2022 zu welchen Zwecken wir diese Daten verwenden ... Read More\" \/>\n<meta property=\"og:url\" content=\"https:\/\/kiteschoolportugal.com\/de\/datenschutzerklaerung\/\" \/>\n<meta property=\"og:site_name\" content=\"Kiteschool Portugal\" \/>\n<meta property=\"article:publisher\" content=\"https:\/\/www.facebook.com\/suplagoskiteschoolportugal\/\" \/>\n<meta property=\"article:modified_time\" content=\"2020-02-08T20:50:20+00:00\" \/>\n<meta property=\"og:image\" content=\"https:\/\/kiteschoolportugal.com\/wp-content\/uploads\/2016\/05\/kiteschool-social-share.jpg\" \/>\n<meta name=\"twitter:card\" content=\"summary_large_image\" \/>\n<meta name=\"twitter:label1\" content=\"Gesch\u00e4tzte Lesezeit\" \/>\n\t<meta name=\"twitter:data1\" content=\"7\u00a0Minuten\" \/>\n<script type=\"application\/ld+json\" class=\"yoast-schema-graph\">{\"@context\":\"https:\\\/\\\/schema.org\",\"@graph\":[{\"@type\":\"WebPage\",\"@id\":\"https:\\\/\\\/kiteschoolportugal.com\\\/de\\\/datenschutzerklaerung\\\/\",\"url\":\"https:\\\/\\\/kiteschoolportugal.com\\\/de\\\/datenschutzerklaerung\\\/\",\"name\":\"Datenschutzerkl\u00e4rung - Kiteschool Portugal\",\"isPartOf\":{\"@id\":\"https:\\\/\\\/kiteschoolportugal.com\\\/de\\\/#website\"},\"datePublished\":\"2018-07-10T13:18:31+00:00\",\"dateModified\":\"2020-02-08T20:50:20+00:00\",\"breadcrumb\":{\"@id\":\"https:\\\/\\\/kiteschoolportugal.com\\\/de\\\/datenschutzerklaerung\\\/#breadcrumb\"},\"inLanguage\":\"de\",\"potentialAction\":[{\"@type\":\"ReadAction\",\"target\":[\"https:\\\/\\\/kiteschoolportugal.com\\\/de\\\/datenschutzerklaerung\\\/\"]}]},{\"@type\":\"BreadcrumbList\",\"@id\":\"https:\\\/\\\/kiteschoolportugal.com\\\/de\\\/datenschutzerklaerung\\\/#breadcrumb\",\"itemListElement\":[{\"@type\":\"ListItem\",\"position\":1,\"name\":\"Home\",\"item\":\"https:\\\/\\\/kiteschoolportugal.com\\\/de\\\/home\\\/\"},{\"@type\":\"ListItem\",\"position\":2,\"name\":\"Datenschutzerkl\u00e4rung\"}]},{\"@type\":\"WebSite\",\"@id\":\"https:\\\/\\\/kiteschoolportugal.com\\\/de\\\/#website\",\"url\":\"https:\\\/\\\/kiteschoolportugal.com\\\/de\\\/\",\"name\":\"Kiteschool Portugal\",\"description\":\"Kiteschool Portugal, Kitesafari Brazil and SUP Lagos\",\"potentialAction\":[{\"@type\":\"SearchAction\",\"target\":{\"@type\":\"EntryPoint\",\"urlTemplate\":\"https:\\\/\\\/kiteschoolportugal.com\\\/de\\\/?s={search_term_string}\"},\"query-input\":{\"@type\":\"PropertyValueSpecification\",\"valueRequired\":true,\"valueName\":\"search_term_string\"}}],\"inLanguage\":\"de\"}]}<\/script>\n<!-- \/ Yoast SEO plugin. -->","yoast_head_json":{"title":"Datenschutzerkl\u00e4rung - Kiteschool Portugal","robots":{"index":"noindex","follow":"follow"},"og_locale":"de_DE","og_type":"article","og_title":"Datenschutzerkl\u00e4rung - Kiteschool Portugal","og_description":"1. Einleitung Wir, die Oceano Vedeta Unipessoal Lda. nehmen den Schutz personenbezogener Daten und damit eingeschlossen auch die Betroffenenrechte sehr ernst Mit diesen Erl\u00e4uterungen zum Datenschutz m\u00f6chten wir Sie dar\u00fcber informieren, \u2022 welche personenbezogenen Daten wir beim Besuch unserer Webseite und \u2022 beim Ausf\u00fcllen unserer Onlineformulare oder \u2022 unseres Kontaktformulars speichern und \u2022 zu welchen Zwecken wir diese Daten verwenden ... Read More","og_url":"https:\/\/kiteschoolportugal.com\/de\/datenschutzerklaerung\/","og_site_name":"Kiteschool Portugal","article_publisher":"https:\/\/www.facebook.com\/suplagoskiteschoolportugal\/","article_modified_time":"2020-02-08T20:50:20+00:00","og_image":[{"url":"https:\/\/kiteschoolportugal.com\/wp-content\/uploads\/2016\/05\/kiteschool-social-share.jpg","type":"","width":"","height":""}],"twitter_card":"summary_large_image","twitter_misc":{"Gesch\u00e4tzte Lesezeit":"7\u00a0Minuten"},"schema":{"@context":"https:\/\/schema.org","@graph":[{"@type":"WebPage","@id":"https:\/\/kiteschoolportugal.com\/de\/datenschutzerklaerung\/","url":"https:\/\/kiteschoolportugal.com\/de\/datenschutzerklaerung\/","name":"Datenschutzerkl\u00e4rung - Kiteschool Portugal","isPartOf":{"@id":"https:\/\/kiteschoolportugal.com\/de\/#website"},"datePublished":"2018-07-10T13:18:31+00:00","dateModified":"2020-02-08T20:50:20+00:00","breadcrumb":{"@id":"https:\/\/kiteschoolportugal.com\/de\/datenschutzerklaerung\/#breadcrumb"},"inLanguage":"de","potentialAction":[{"@type":"ReadAction","target":["https:\/\/kiteschoolportugal.com\/de\/datenschutzerklaerung\/"]}]},{"@type":"BreadcrumbList","@id":"https:\/\/kiteschoolportugal.com\/de\/datenschutzerklaerung\/#breadcrumb","itemListElement":[{"@type":"ListItem","position":1,"name":"Home","item":"https:\/\/kiteschoolportugal.com\/de\/home\/"},{"@type":"ListItem","position":2,"name":"Datenschutzerkl\u00e4rung"}]},{"@type":"WebSite","@id":"https:\/\/kiteschoolportugal.com\/de\/#website","url":"https:\/\/kiteschoolportugal.com\/de\/","name":"Kiteschool Portugal","description":"Kiteschool Portugal, Kitesafari Brazil and SUP Lagos","potentialAction":[{"@type":"SearchAction","target":{"@type":"EntryPoint","urlTemplate":"https:\/\/kiteschoolportugal.com\/de\/?s={search_term_string}"},"query-input":{"@type":"PropertyValueSpecification","valueRequired":true,"valueName":"search_term_string"}}],"inLanguage":"de"}]}},"_links":{"self":[{"href":"https:\/\/kiteschoolportugal.com\/de\/wp-json\/wp\/v2\/pages\/2933","targetHints":{"allow":["GET"]}}],"collection":[{"href":"https:\/\/kiteschoolportugal.com\/de\/wp-json\/wp\/v2\/pages"}],"about":[{"href":"https:\/\/kiteschoolportugal.com\/de\/wp-json\/wp\/v2\/types\/page"}],"author":[{"embeddable":true,"href":"https:\/\/kiteschoolportugal.com\/de\/wp-json\/wp\/v2\/users\/8"}],"replies":[{"embeddable":true,"href":"https:\/\/kiteschoolportugal.com\/de\/wp-json\/wp\/v2\/comments?post=2933"}],"version-history":[{"count":2,"href":"https:\/\/kiteschoolportugal.com\/de\/wp-json\/wp\/v2\/pages\/2933\/revisions"}],"predecessor-version":[{"id":2941,"href":"https:\/\/kiteschoolportugal.com\/de\/wp-json\/wp\/v2\/pages\/2933\/revisions\/2941"}],"wp:attachment":[{"href":"https:\/\/kiteschoolportugal.com\/de\/wp-json\/wp\/v2\/media?parent=2933"}],"curies":[{"name":"wp","href":"https:\/\/api.w.org\/{rel}","templated":true}]}}